{"id":24,"date":"2019-06-28T09:41:26","date_gmt":"2019-06-28T09:41:26","guid":{"rendered":"https:\/\/mdns-novagorica.si\/wp\/?page_id=24"},"modified":"2021-09-22T09:41:25","modified_gmt":"2021-09-22T09:41:25","slug":"sodniki","status":"publish","type":"page","link":"https:\/\/mdns-novagorica.si\/wp\/sodniki\/","title":{"rendered":"SODNIKI"},"content":{"rendered":"\n<p> <\/p>\n\n\n\n<figure class=\"wp-block-table is-style-stripes\"><table class=\"has-subtle-pale-blue-background-color has-background\"><tbody><tr><td><\/td><\/tr><tr><td>Abram Tine<\/td><\/tr><tr><td>Bensa Uro\u0161<\/td><\/tr><tr><td>Bizjak \u017diga<\/td><\/tr><tr><td>Bla\u017eko Hanca<\/td><\/tr><tr><td>Bo\u017ei\u010d Alen<\/td><\/tr><tr><td>Bubek Alen<\/td><\/tr><tr><td>Cvetkovi\u0107 Zoki<\/td><\/tr><tr><td>\u010cerne Toma\u017e<\/td><\/tr><tr><td>Debeljak Marko<\/td><\/tr><tr><td>D\u017euzdanovi\u0107 Jasmin<\/td><\/tr><tr><td>Ferjan\u010di\u010d Robi<\/td><\/tr><tr><td>Gregori\u010d Nejc<\/td><\/tr><tr><td>Jug Matej<\/td><\/tr><tr><td>Jug Tadej<\/td><\/tr><tr><td>Kav\u010di\u010d Andra\u017e<\/td><\/tr><tr><td>Kodri\u010d Aleks<\/td><\/tr><tr><td>Krape\u017e Andra\u017e<\/td><\/tr><tr><td>Kurin\u010di\u010d Marko<\/td><\/tr><tr><td>Lavren\u010di\u010d Rok<\/td><\/tr><tr><td>Leban Darijo<\/td><\/tr><tr><td>Leban Erik<\/td><\/tr><tr><td>Leban Patrik<\/td><\/tr><tr><td>Lozar Iztok<\/td><\/tr><tr><td>Mask Sara<\/td><\/tr><tr><td>Ore\u0161ek&nbsp; Alja\u017e<\/td><\/tr><tr><td>Ozebek Matej<\/td><\/tr><tr><td>Pav\u0161i\u010d Peter<\/td><\/tr><tr><td>Peljhan Matja\u017e<\/td><\/tr><tr><td>Poberaj Jakob<\/td><\/tr><tr><td>Risto Elezovi\u0107<\/td><\/tr><tr><td>Rudolf Matja\u017e<\/td><\/tr><tr><td>Rustja Matej<\/td><\/tr><tr><td>\u0160tokelj Primo\u017e<\/td><\/tr><tr><td>Travar Sini\u0161a<\/td><\/tr><tr><td>Velikonja Ivan<\/td><\/tr><tr><td>Vr\u010don Dominik<\/td><\/tr><tr><td>\u017di\u017emond Luka<\/td><\/tr><tr><td>\u017di\u017emond Matej <\/td><\/tr><tr><td>Knez\u00a0Klemen <\/td><\/tr><tr><td>Kopa\u010d\u00a0Maru\u0161a <\/td><\/tr><tr><td>Smajlovi\u0107\u00a0\u00a0Muamer <\/td><\/tr><tr><td>Abdijanovi\u0107\u00a0\u00a0Omer <\/td><\/tr><tr><td>Tanovi\u0107\u00a0\u00a0Ariel <\/td><\/tr><\/tbody><\/table><\/figure>\n","protected":false},"excerpt":{"rendered":"<p>Abram Tine Bensa Uro\u0161 Bizjak \u017diga Bla\u017eko Hanca Bo\u017ei\u010d Alen Bubek Alen Cvetkovi\u0107 Zoki \u010cerne Toma\u017e Debeljak Marko D\u017euzdanovi\u0107 Jasmin<\/p>\n","protected":false},"author":1,"featured_media":0,"parent":0,"menu_order":0,"comment_status":"closed","ping_status":"closed","template":"","meta":[],"_links":{"self":[{"href":"https:\/\/mdns-novagorica.si\/wp\/wp-json\/wp\/v2\/pages\/24"}],"collection":[{"href":"https:\/\/mdns-novagorica.si\/wp\/wp-json\/wp\/v2\/pages"}],"about":[{"href":"https:\/\/mdns-novagorica.si\/wp\/wp-json\/wp\/v2\/types\/page"}],"author":[{"embeddable":true,"href":"https:\/\/mdns-novagorica.si\/wp\/wp-json\/wp\/v2\/users\/1"}],"replies":[{"embeddable":true,"href":"https:\/\/mdns-novagorica.si\/wp\/wp-json\/wp\/v2\/comments?post=24"}],"version-history":[{"count":5,"href":"https:\/\/mdns-novagorica.si\/wp\/wp-json\/wp\/v2\/pages\/24\/revisions"}],"predecessor-version":[{"id":422,"href":"https:\/\/mdns-novagorica.si\/wp\/wp-json\/wp\/v2\/pages\/24\/revisions\/422"}],"wp:attachment":[{"href":"https:\/\/mdns-novagorica.si\/wp\/wp-json\/wp\/v2\/media?parent=24"}],"curies":[{"name":"wp","href":"https:\/\/api.w.org\/{rel}","templated":true}]}}